{"id":913,"date":"2025-01-19T17:56:18","date_gmt":"2025-01-19T22:56:18","guid":{"rendered":"https:\/\/spiritssupplies.com\/?post_type=product&#038;p=913"},"modified":"2025-01-19T18:02:20","modified_gmt":"2025-01-19T23:02:20","slug":"cupreata-750ml-copy-2","status":"publish","type":"product","link":"https:\/\/spiritssupplies.com\/es\/producto\/cupreata-750ml-copy-2\/","title":{"rendered":"Cupreata 750ml (Copy)"},"content":{"rendered":"<div class=\"hide-desk\">\n<div class=\"caja1\">Ll\u00e1manos<\/div>\n<div class=\"caja2\">Solicitar una muestra<\/div>\n<div class=\"form-side\">\n<h4>Pide un presupuesto<\/h4>\n\n<div class=\"wpcf7 no-js\" id=\"wpcf7-f856-o1\" lang=\"es-ES\" dir=\"ltr\" data-wpcf7-id=\"856\">\n<div class=\"screen-reader-response\"><p role=\"status\" aria-live=\"polite\" aria-atomic=\"true\"><\/p> <ul><\/ul><\/div>\n<form action=\"\/es\/wp-json\/wp\/v2\/product\/913#wpcf7-f856-o1\" method=\"post\" class=\"wpcf7-form init\" aria-label=\"Formulario de contacto\" novalidate=\"novalidate\" data-status=\"init\">\n<fieldset class=\"hidden-fields-container\"><input type=\"hidden\" name=\"_wpcf7\" value=\"856\" \/><input type=\"hidden\" name=\"_wpcf7_version\" value=\"6.1.5\" \/><input type=\"hidden\" name=\"_wpcf7_locale\" value=\"es_ES\" \/><input type=\"hidden\" name=\"_wpcf7_unit_tag\" value=\"wpcf7-f856-o1\" \/><input type=\"hidden\" name=\"_wpcf7_container_post\" value=\"0\" \/><input type=\"hidden\" name=\"_wpcf7_posted_data_hash\" value=\"\" \/>\n<\/fieldset>\n<p><span class=\"wpcf7-form-control-wrap\" data-name=\"nombre\"><input size=\"40\" maxlength=\"400\" class=\"wpcf7-form-control wpcf7-text wpcf7-validates-as-required\" aria-required=\"true\" aria-invalid=\"false\" placeholder=\"Nombre*.\" value=\"\" type=\"text\" name=\"nombre\" \/><\/span><span class=\"wpcf7-form-control-wrap\" data-name=\"tel-86\"><input size=\"40\" maxlength=\"400\" class=\"wpcf7-form-control wpcf7-tel wpcf7-validates-as-required wpcf7-text wpcf7-validates-as-tel\" aria-required=\"true\" aria-invalid=\"false\" placeholder=\"Tel\u00e9fono*.\" value=\"\" type=\"tel\" name=\"tel-86\" \/><\/span><span class=\"wpcf7-form-control-wrap\" data-name=\"email-194\"><input size=\"40\" maxlength=\"400\" class=\"wpcf7-form-control wpcf7-email wpcf7-validates-as-required wpcf7-text wpcf7-validates-as-email\" aria-required=\"true\" aria-invalid=\"false\" placeholder=\"Correo electr\u00f3nico\" value=\"\" type=\"email\" name=\"email-194\" \/><\/span><span class=\"wpcf7-form-control-wrap\" data-name=\"producto\"><select class=\"wpcf7-form-control wpcf7-select\" aria-invalid=\"false\" name=\"producto\"><option value=\"\u00bfQu\u00e9 buscas?\">\u00bfQu\u00e9 buscas?<\/option><option value=\"Botellas\">Botellas<\/option><option value=\"Cierres\">Cierres<\/option><option value=\"Otros\">Otros<\/option><\/select><\/span><span class=\"wpcf7-form-control-wrap\" data-name=\"volumen\"><select class=\"wpcf7-form-control wpcf7-select\" aria-invalid=\"false\" name=\"volumen\"><option value=\"Volumen\">Volumen<\/option><option value=\"+1000\">+1000<\/option><option value=\"+5000\">+5000<\/option><option value=\"+10.000\">+10.000<\/option><\/select><\/span><input class=\"wpcf7-form-control wpcf7-submit has-spinner\" type=\"submit\" value=\"Env\u00eda\" \/>\n<\/p><p style=\"display: none !important;\" class=\"akismet-fields-container\" data-prefix=\"_wpcf7_ak_\"><label>&#916;<textarea name=\"_wpcf7_ak_hp_textarea\" cols=\"45\" rows=\"8\" maxlength=\"100\"><\/textarea><\/label><input type=\"hidden\" id=\"ak_js_1\" name=\"_wpcf7_ak_js\" value=\"114\"\/><script>document.getElementById( \"ak_js_1\" ).setAttribute( \"value\", ( new Date() ).getTime() );<\/script><\/p><div class=\"wpcf7-response-output\" aria-hidden=\"true\"><\/div>\n<\/form>\n<\/div>\n<\/div>\n<\/div>\n","protected":false},"excerpt":{"rendered":"<p>&nbsp;<\/p>\n<table width=\"316\">\n<tbody>\n<tr>\n<td width=\"229\">Peso<\/td>\n<td width=\"87\">700grs<\/td>\n<\/tr>\n<tr>\n<td>Altura total<\/td>\n<td>276,99 mm<\/td>\n<\/tr>\n<tr>\n<td>Di\u00e1metro del cuerpo<\/td>\n<td>76,45 mm<\/td>\n<\/tr>\n<tr>\n<td>Di\u00e1metro interior de la boca<\/td>\n<td>21,50 mm<\/td>\n<\/tr>\n<tr>\n<td>Acabado<\/td>\n<td>Barra<\/td>\n<\/tr>\n<tr>\n<td>Cantidad por tarima<\/td>\n<td>1008<\/td>\n<\/tr>\n<\/tbody>\n<\/table>\n<p><a class=\"downloadsc\" href=\"https:\/\/spiritssupplies.com\/wp-content\/uploads\/2025\/01\/EternoGlass_Cupreata_750ml_Digital.pdf\" target=\"_blank\" rel=\"noopener\">Descargar ficha t\u00e9cnica<\/a><\/p>\n","protected":false},"featured_media":917,"template":"","meta":{"_joinchat":[]},"pwb-brand":[54],"product_brand":[],"product_cat":[43],"product_tag":[51],"class_list":{"0":"post-913","1":"product","2":"type-product","3":"status-publish","4":"has-post-thumbnail","6":"pwb-brand-eterno-glass","7":"product_cat-botellas-es","8":"product_tag-eterno-glass-es","10":"first","11":"instock","12":"shipping-taxable","13":"product-type-simple"},"yoast_head":"<!-- This site is optimized with the Yoast SEO plugin v26.9 - https:\/\/yoast.com\/product\/yoast-seo-wordpress\/ -->\n<title>Cupreata 750ml (Copy) - Spirits Supplies<\/title>\n<meta name=\"robots\" content=\"index, follow, max-snippet:-1, max-image-preview:large, max-video-preview:-1\" \/>\n<link rel=\"canonical\" href=\"https:\/\/spiritssupplies.com\/es\/producto\/cupreata-750ml-copy-2\/\" \/>\n<meta property=\"og:locale\" content=\"es_ES\" \/>\n<meta property=\"og:type\" content=\"article\" \/>\n<meta property=\"og:title\" content=\"Cupreata 750ml (Copy) - Spirits Supplies\" \/>\n<meta property=\"og:description\" content=\"&nbsp;  Peso 700grs  Altura total 276,99 mm  Di\u00e1metro del cuerpo 76,45 mm  Di\u00e1metro interior de la boca 21,50 mm  Acabado Barra  Cantidad por tarima 1008  Descargar ficha t\u00e9cnica\" \/>\n<meta property=\"og:url\" content=\"https:\/\/spiritssupplies.com\/es\/producto\/cupreata-750ml-copy-2\/\" \/>\n<meta property=\"og:site_name\" content=\"Spirits Supplies\" \/>\n<meta property=\"article:modified_time\" content=\"2025-01-19T23:02:20+00:00\" \/>\n<meta property=\"og:image\" content=\"https:\/\/spiritssupplies.com\/wp-content\/uploads\/2025\/01\/Quila_Clean-scaled.jpg\" \/>\n\t<meta property=\"og:image:width\" content=\"2560\" \/>\n\t<meta property=\"og:image:height\" content=\"2560\" \/>\n\t<meta property=\"og:image:type\" content=\"image\/jpeg\" \/>\n<meta name=\"twitter:card\" content=\"summary_large_image\" \/>\n<script type=\"application\/ld+json\" class=\"yoast-schema-graph\">{\"@context\":\"https:\/\/schema.org\",\"@graph\":[{\"@type\":\"WebPage\",\"@id\":\"https:\/\/spiritssupplies.com\/es\/producto\/cupreata-750ml-copy-2\/\",\"url\":\"https:\/\/spiritssupplies.com\/es\/producto\/cupreata-750ml-copy-2\/\",\"name\":\"Cupreata 750ml (Copy) - Spirits Supplies\",\"isPartOf\":{\"@id\":\"https:\/\/spiritssupplies.com\/#website\"},\"primaryImageOfPage\":{\"@id\":\"https:\/\/spiritssupplies.com\/es\/producto\/cupreata-750ml-copy-2\/#primaryimage\"},\"image\":{\"@id\":\"https:\/\/spiritssupplies.com\/es\/producto\/cupreata-750ml-copy-2\/#primaryimage\"},\"thumbnailUrl\":\"https:\/\/spiritssupplies.com\/wp-content\/uploads\/2025\/01\/Quila_Clean-scaled.jpg\",\"datePublished\":\"2025-01-19T22:56:18+00:00\",\"dateModified\":\"2025-01-19T23:02:20+00:00\",\"breadcrumb\":{\"@id\":\"https:\/\/spiritssupplies.com\/es\/producto\/cupreata-750ml-copy-2\/#breadcrumb\"},\"inLanguage\":\"es\",\"potentialAction\":[{\"@type\":\"ReadAction\",\"target\":[\"https:\/\/spiritssupplies.com\/es\/producto\/cupreata-750ml-copy-2\/\"]}]},{\"@type\":\"ImageObject\",\"inLanguage\":\"es\",\"@id\":\"https:\/\/spiritssupplies.com\/es\/producto\/cupreata-750ml-copy-2\/#primaryimage\",\"url\":\"https:\/\/spiritssupplies.com\/wp-content\/uploads\/2025\/01\/Quila_Clean-scaled.jpg\",\"contentUrl\":\"https:\/\/spiritssupplies.com\/wp-content\/uploads\/2025\/01\/Quila_Clean-scaled.jpg\",\"width\":2560,\"height\":2560},{\"@type\":\"BreadcrumbList\",\"@id\":\"https:\/\/spiritssupplies.com\/es\/producto\/cupreata-750ml-copy-2\/#breadcrumb\",\"itemListElement\":[{\"@type\":\"ListItem\",\"position\":1,\"name\":\"Portada\",\"item\":\"https:\/\/spiritssupplies.com\/es\/inicio\/\"},{\"@type\":\"ListItem\",\"position\":2,\"name\":\"Soluciones\",\"item\":\"https:\/\/spiritssupplies.com\/es\/?page_id=818\"},{\"@type\":\"ListItem\",\"position\":3,\"name\":\"Cupreata 750ml (Copy)\"}]},{\"@type\":\"WebSite\",\"@id\":\"https:\/\/spiritssupplies.com\/#website\",\"url\":\"https:\/\/spiritssupplies.com\/\",\"name\":\"Spirits Supplies\",\"description\":\"Your one-stop shop for all packaging needs in the heart of Jalisco.\",\"potentialAction\":[{\"@type\":\"SearchAction\",\"target\":{\"@type\":\"EntryPoint\",\"urlTemplate\":\"https:\/\/spiritssupplies.com\/?s={search_term_string}\"},\"query-input\":{\"@type\":\"PropertyValueSpecification\",\"valueRequired\":true,\"valueName\":\"search_term_string\"}}],\"inLanguage\":\"es\"}]}<\/script>\n<!-- \/ Yoast SEO plugin. -->","yoast_head_json":{"title":"Cupreata 750ml (Copy) - Spirits Supplies","robots":{"index":"index","follow":"follow","max-snippet":"max-snippet:-1","max-image-preview":"max-image-preview:large","max-video-preview":"max-video-preview:-1"},"canonical":"https:\/\/spiritssupplies.com\/es\/producto\/cupreata-750ml-copy-2\/","og_locale":"es_ES","og_type":"article","og_title":"Cupreata 750ml (Copy) - Spirits Supplies","og_description":"&nbsp;  Peso 700grs  Altura total 276,99 mm  Di\u00e1metro del cuerpo 76,45 mm  Di\u00e1metro interior de la boca 21,50 mm  Acabado Barra  Cantidad por tarima 1008  Descargar ficha t\u00e9cnica","og_url":"https:\/\/spiritssupplies.com\/es\/producto\/cupreata-750ml-copy-2\/","og_site_name":"Spirits Supplies","article_modified_time":"2025-01-19T23:02:20+00:00","og_image":[{"width":2560,"height":2560,"url":"https:\/\/spiritssupplies.com\/wp-content\/uploads\/2025\/01\/Quila_Clean-scaled.jpg","type":"image\/jpeg"}],"twitter_card":"summary_large_image","schema":{"@context":"https:\/\/schema.org","@graph":[{"@type":"WebPage","@id":"https:\/\/spiritssupplies.com\/es\/producto\/cupreata-750ml-copy-2\/","url":"https:\/\/spiritssupplies.com\/es\/producto\/cupreata-750ml-copy-2\/","name":"Cupreata 750ml (Copy) - Spirits Supplies","isPartOf":{"@id":"https:\/\/spiritssupplies.com\/#website"},"primaryImageOfPage":{"@id":"https:\/\/spiritssupplies.com\/es\/producto\/cupreata-750ml-copy-2\/#primaryimage"},"image":{"@id":"https:\/\/spiritssupplies.com\/es\/producto\/cupreata-750ml-copy-2\/#primaryimage"},"thumbnailUrl":"https:\/\/spiritssupplies.com\/wp-content\/uploads\/2025\/01\/Quila_Clean-scaled.jpg","datePublished":"2025-01-19T22:56:18+00:00","dateModified":"2025-01-19T23:02:20+00:00","breadcrumb":{"@id":"https:\/\/spiritssupplies.com\/es\/producto\/cupreata-750ml-copy-2\/#breadcrumb"},"inLanguage":"es","potentialAction":[{"@type":"ReadAction","target":["https:\/\/spiritssupplies.com\/es\/producto\/cupreata-750ml-copy-2\/"]}]},{"@type":"ImageObject","inLanguage":"es","@id":"https:\/\/spiritssupplies.com\/es\/producto\/cupreata-750ml-copy-2\/#primaryimage","url":"https:\/\/spiritssupplies.com\/wp-content\/uploads\/2025\/01\/Quila_Clean-scaled.jpg","contentUrl":"https:\/\/spiritssupplies.com\/wp-content\/uploads\/2025\/01\/Quila_Clean-scaled.jpg","width":2560,"height":2560},{"@type":"BreadcrumbList","@id":"https:\/\/spiritssupplies.com\/es\/producto\/cupreata-750ml-copy-2\/#breadcrumb","itemListElement":[{"@type":"ListItem","position":1,"name":"Portada","item":"https:\/\/spiritssupplies.com\/es\/inicio\/"},{"@type":"ListItem","position":2,"name":"Soluciones","item":"https:\/\/spiritssupplies.com\/es\/?page_id=818"},{"@type":"ListItem","position":3,"name":"Cupreata 750ml (Copy)"}]},{"@type":"WebSite","@id":"https:\/\/spiritssupplies.com\/#website","url":"https:\/\/spiritssupplies.com\/","name":"Spirits Supplies","description":"Your one-stop shop for all packaging needs in the heart of Jalisco.","potentialAction":[{"@type":"SearchAction","target":{"@type":"EntryPoint","urlTemplate":"https:\/\/spiritssupplies.com\/?s={search_term_string}"},"query-input":{"@type":"PropertyValueSpecification","valueRequired":true,"valueName":"search_term_string"}}],"inLanguage":"es"}]}},"brands":[{"id":54,"name":"Eterno Glass","slug":"eterno-glass"}],"_links":{"self":[{"href":"https:\/\/spiritssupplies.com\/es\/wp-json\/wp\/v2\/product\/913","targetHints":{"allow":["GET"]}}],"collection":[{"href":"https:\/\/spiritssupplies.com\/es\/wp-json\/wp\/v2\/product"}],"about":[{"href":"https:\/\/spiritssupplies.com\/es\/wp-json\/wp\/v2\/types\/product"}],"wp:featuredmedia":[{"embeddable":true,"href":"https:\/\/spiritssupplies.com\/es\/wp-json\/wp\/v2\/media\/917"}],"wp:attachment":[{"href":"https:\/\/spiritssupplies.com\/es\/wp-json\/wp\/v2\/media?parent=913"}],"wp:term":[{"taxonomy":"pwb-brand","embeddable":true,"href":"https:\/\/spiritssupplies.com\/es\/wp-json\/wp\/v2\/pwb-brand?post=913"},{"taxonomy":"product_brand","embeddable":true,"href":"https:\/\/spiritssupplies.com\/es\/wp-json\/wp\/v2\/product_brand?post=913"},{"taxonomy":"product_cat","embeddable":true,"href":"https:\/\/spiritssupplies.com\/es\/wp-json\/wp\/v2\/product_cat?post=913"},{"taxonomy":"product_tag","embeddable":true,"href":"https:\/\/spiritssupplies.com\/es\/wp-json\/wp\/v2\/product_tag?post=913"}],"curies":[{"name":"wp","href":"https:\/\/api.w.org\/{rel}","templated":true}]}}